{"id":5513,"date":"2020-07-31T14:24:28","date_gmt":"2020-07-31T12:24:28","guid":{"rendered":"https:\/\/sophieott.it\/?post_type=product&#038;p=5513"},"modified":"2020-08-03T15:26:29","modified_gmt":"2020-08-03T13:26:29","slug":"la-maladie-un-message-du-corps","status":"publish","type":"product","link":"https:\/\/sophieott.it\/fr\/prodotto\/la-maladie-un-message-du-corps\/","title":{"rendered":"La maladie, un message du corps"},"content":{"rendered":"<p>Chaque sympt\u00f4me est porteur d\u2019un message que nous pouvons choisir d\u2019\u00e9couter pour favoriser, chaque jour davantage, sant\u00e9, joie et s\u00e9r\u00e9nit\u00e9.<\/p>\n<p>Ce S\u00e9minaire est l\u2019opportunit\u00e9<span class=\"Apple-converted-space\">\u00a0<\/span><\/p>\n<p>&#8211; de d\u00e9couvrir le paradigme de la <b>BioPsychoG\u00e9n\u00e9alogie<\/b>. Chaque sympt\u00f4me est reconnu comme une r\u00e9ponse biologique sens\u00e9e du corps \u00e0 une exp\u00e9rience sp\u00e9cifique personnelle influenc\u00e9e par des m\u00e9moires g\u00e9n\u00e9alogiques.<\/p>\n<p>&#8211; de connaitre des <b>outils simples<\/b> pour mieux g\u00e9rer sa propre sant\u00e9 en toute autonomie<\/p>\n<p>&#8211; de faire l\u2019exp\u00e9rience des <b>Bioconstellations\u00ae <\/b>qui permettent de restaurer l\u2019\u00e9quilibre dynamique et lib\u00e9rer le flux vital.<span class=\"Apple-converted-space\">\u00a0<\/span><\/p>\n<p>S\u00e9minaire accessible \u00e0 toute personne curieuse et d\u00e9sireuse de mieux comprendre le corps et d\u00e9couvrir des outils\u00a0g\u00e9n\u00e8rateurs de sant\u00e9.<\/p>\n<p>R\u00e9servez votre place en cliquant sur la date du 03 octobre et en suivant les instructions pour payer les arrhes d&rsquo;un montant de 50 \u20ac<\/p>\n","protected":false},"excerpt":{"rendered":"<p><b>SEMINAIRE DE DEUX JOURS<\/b><\/p>\n<p>Chaque sympt\u00f4me est porteur d\u2019un message que nous pouvons choisir d\u2019\u00e9couter pour favoriser, chaque jour davantage, sant\u00e9, joie et s\u00e9r\u00e9nit\u00e9.<\/p>\n","protected":false},"featured_media":5516,"comment_status":"open","ping_status":"closed","template":"","meta":{"_et_pb_use_builder":"","_et_pb_old_content":"","_et_gb_content_width":""},"product_brand":[],"product_cat":[67],"product_tag":[105],"class_list":{"0":"post-5513","1":"product","2":"type-product","3":"status-publish","4":"has-post-thumbnail","6":"product_cat-soutien-aux-personnes","7":"product_tag-reservable","9":"first","10":"instock","11":"virtual","12":"sold-individually","13":"purchasable","14":"product-type-booking"},"yoast_head":"<!-- This site is optimized with the Yoast SEO plugin v27.5 - https:\/\/yoast.com\/product\/yoast-seo-wordpress\/ -->\n<title>La maladie, un message du corps - Sophie Ott<\/title>\n<meta name=\"robots\" content=\"index, follow, max-snippet:-1, max-image-preview:large, max-video-preview:-1\" \/>\n<link rel=\"canonical\" href=\"https:\/\/sophieott.it\/fr\/prodotto\/la-maladie-un-message-du-corps\/\" \/>\n<meta property=\"og:locale\" content=\"fr_FR\" \/>\n<meta property=\"og:type\" content=\"article\" \/>\n<meta property=\"og:title\" content=\"La maladie, un message du corps - Sophie Ott\" \/>\n<meta property=\"og:description\" content=\"SEMINAIRE DE DEUX JOURS  Chaque sympt\u00f4me est porteur d\u2019un message que nous pouvons choisir d\u2019\u00e9couter pour favoriser, chaque jour davantage, sant\u00e9, joie et s\u00e9r\u00e9nit\u00e9.\" \/>\n<meta property=\"og:url\" content=\"https:\/\/sophieott.it\/fr\/prodotto\/la-maladie-un-message-du-corps\/\" \/>\n<meta property=\"og:site_name\" content=\"Sophie Ott\" \/>\n<meta property=\"article:modified_time\" content=\"2020-08-03T13:26:29+00:00\" \/>\n<meta property=\"og:image\" content=\"https:\/\/sophieott.it\/wp-content\/uploads\/2020\/07\/Photo-evento-la-maladie-message-du-corps.001.jpeg\" \/>\n\t<meta property=\"og:image:width\" content=\"1000\" \/>\n\t<meta property=\"og:image:height\" content=\"1000\" \/>\n\t<meta property=\"og:image:type\" content=\"image\/jpeg\" \/>\n<meta name=\"twitter:card\" content=\"summary_large_image\" \/>\n<meta name=\"twitter:label1\" content=\"Dur\u00e9e de lecture estim\u00e9e\" \/>\n\t<meta name=\"twitter:data1\" content=\"1 minute\" \/>\n<script type=\"application\/ld+json\" class=\"yoast-schema-graph\">{\"@context\":\"https:\\\/\\\/schema.org\",\"@graph\":[{\"@type\":\"WebPage\",\"@id\":\"https:\\\/\\\/sophieott.it\\\/fr\\\/prodotto\\\/la-maladie-un-message-du-corps\\\/\",\"url\":\"https:\\\/\\\/sophieott.it\\\/fr\\\/prodotto\\\/la-maladie-un-message-du-corps\\\/\",\"name\":\"La maladie, un message du corps - Sophie Ott\",\"isPartOf\":{\"@id\":\"https:\\\/\\\/sophieott.it\\\/#website\"},\"primaryImageOfPage\":{\"@id\":\"https:\\\/\\\/sophieott.it\\\/fr\\\/prodotto\\\/la-maladie-un-message-du-corps\\\/#primaryimage\"},\"image\":{\"@id\":\"https:\\\/\\\/sophieott.it\\\/fr\\\/prodotto\\\/la-maladie-un-message-du-corps\\\/#primaryimage\"},\"thumbnailUrl\":\"https:\\\/\\\/sophieott.it\\\/wp-content\\\/uploads\\\/2020\\\/07\\\/Photo-evento-la-maladie-message-du-corps.001.jpeg\",\"datePublished\":\"2020-07-31T12:24:28+00:00\",\"dateModified\":\"2020-08-03T13:26:29+00:00\",\"breadcrumb\":{\"@id\":\"https:\\\/\\\/sophieott.it\\\/fr\\\/prodotto\\\/la-maladie-un-message-du-corps\\\/#breadcrumb\"},\"inLanguage\":\"fr-FR\",\"potentialAction\":[{\"@type\":\"ReadAction\",\"target\":[\"https:\\\/\\\/sophieott.it\\\/fr\\\/prodotto\\\/la-maladie-un-message-du-corps\\\/\"]}]},{\"@type\":\"ImageObject\",\"inLanguage\":\"fr-FR\",\"@id\":\"https:\\\/\\\/sophieott.it\\\/fr\\\/prodotto\\\/la-maladie-un-message-du-corps\\\/#primaryimage\",\"url\":\"https:\\\/\\\/sophieott.it\\\/wp-content\\\/uploads\\\/2020\\\/07\\\/Photo-evento-la-maladie-message-du-corps.001.jpeg\",\"contentUrl\":\"https:\\\/\\\/sophieott.it\\\/wp-content\\\/uploads\\\/2020\\\/07\\\/Photo-evento-la-maladie-message-du-corps.001.jpeg\",\"width\":1000,\"height\":1000},{\"@type\":\"BreadcrumbList\",\"@id\":\"https:\\\/\\\/sophieott.it\\\/fr\\\/prodotto\\\/la-maladie-un-message-du-corps\\\/#breadcrumb\",\"itemListElement\":[{\"@type\":\"ListItem\",\"position\":1,\"name\":\"Home\",\"item\":\"https:\\\/\\\/sophieott.it\\\/fr\\\/\"},{\"@type\":\"ListItem\",\"position\":2,\"name\":\"Shop\",\"item\":\"https:\\\/\\\/sophieott.it\\\/negozio\\\/\"},{\"@type\":\"ListItem\",\"position\":3,\"name\":\"La maladie, un message du corps\"}]},{\"@type\":\"WebSite\",\"@id\":\"https:\\\/\\\/sophieott.it\\\/#website\",\"url\":\"https:\\\/\\\/sophieott.it\\\/\",\"name\":\"Sophie Ott\",\"description\":\"Bioconsapevolezza\",\"publisher\":{\"@id\":\"https:\\\/\\\/sophieott.it\\\/#\\\/schema\\\/person\\\/5a99d5f1d5c80f06ac746af8579672e2\"},\"potentialAction\":[{\"@type\":\"SearchAction\",\"target\":{\"@type\":\"EntryPoint\",\"urlTemplate\":\"https:\\\/\\\/sophieott.it\\\/?s={search_term_string}\"},\"query-input\":{\"@type\":\"PropertyValueSpecification\",\"valueRequired\":true,\"valueName\":\"search_term_string\"}}],\"inLanguage\":\"fr-FR\"},{\"@type\":[\"Person\",\"Organization\"],\"@id\":\"https:\\\/\\\/sophieott.it\\\/#\\\/schema\\\/person\\\/5a99d5f1d5c80f06ac746af8579672e2\",\"name\":\"Sophie\",\"image\":{\"@type\":\"ImageObject\",\"inLanguage\":\"fr-FR\",\"@id\":\"https:\\\/\\\/secure.gravatar.com\\\/avatar\\\/c590a6c1ce16f9da3a7af0bb4f50335d39831e731c5a8afa5006cb8e60dd17a7?s=96&d=mm&r=g\",\"url\":\"https:\\\/\\\/secure.gravatar.com\\\/avatar\\\/c590a6c1ce16f9da3a7af0bb4f50335d39831e731c5a8afa5006cb8e60dd17a7?s=96&d=mm&r=g\",\"contentUrl\":\"https:\\\/\\\/secure.gravatar.com\\\/avatar\\\/c590a6c1ce16f9da3a7af0bb4f50335d39831e731c5a8afa5006cb8e60dd17a7?s=96&d=mm&r=g\",\"caption\":\"Sophie\"},\"logo\":{\"@id\":\"https:\\\/\\\/secure.gravatar.com\\\/avatar\\\/c590a6c1ce16f9da3a7af0bb4f50335d39831e731c5a8afa5006cb8e60dd17a7?s=96&d=mm&r=g\"}}]}<\/script>\n<!-- \/ Yoast SEO plugin. -->","yoast_head_json":{"title":"La maladie, un message du corps - Sophie Ott","robots":{"index":"index","follow":"follow","max-snippet":"max-snippet:-1","max-image-preview":"max-image-preview:large","max-video-preview":"max-video-preview:-1"},"canonical":"https:\/\/sophieott.it\/fr\/prodotto\/la-maladie-un-message-du-corps\/","og_locale":"fr_FR","og_type":"article","og_title":"La maladie, un message du corps - Sophie Ott","og_description":"SEMINAIRE DE DEUX JOURS  Chaque sympt\u00f4me est porteur d\u2019un message que nous pouvons choisir d\u2019\u00e9couter pour favoriser, chaque jour davantage, sant\u00e9, joie et s\u00e9r\u00e9nit\u00e9.","og_url":"https:\/\/sophieott.it\/fr\/prodotto\/la-maladie-un-message-du-corps\/","og_site_name":"Sophie Ott","article_modified_time":"2020-08-03T13:26:29+00:00","og_image":[{"width":1000,"height":1000,"url":"https:\/\/sophieott.it\/wp-content\/uploads\/2020\/07\/Photo-evento-la-maladie-message-du-corps.001.jpeg","type":"image\/jpeg"}],"twitter_card":"summary_large_image","twitter_misc":{"Dur\u00e9e de lecture estim\u00e9e":"1 minute"},"schema":{"@context":"https:\/\/schema.org","@graph":[{"@type":"WebPage","@id":"https:\/\/sophieott.it\/fr\/prodotto\/la-maladie-un-message-du-corps\/","url":"https:\/\/sophieott.it\/fr\/prodotto\/la-maladie-un-message-du-corps\/","name":"La maladie, un message du corps - Sophie Ott","isPartOf":{"@id":"https:\/\/sophieott.it\/#website"},"primaryImageOfPage":{"@id":"https:\/\/sophieott.it\/fr\/prodotto\/la-maladie-un-message-du-corps\/#primaryimage"},"image":{"@id":"https:\/\/sophieott.it\/fr\/prodotto\/la-maladie-un-message-du-corps\/#primaryimage"},"thumbnailUrl":"https:\/\/sophieott.it\/wp-content\/uploads\/2020\/07\/Photo-evento-la-maladie-message-du-corps.001.jpeg","datePublished":"2020-07-31T12:24:28+00:00","dateModified":"2020-08-03T13:26:29+00:00","breadcrumb":{"@id":"https:\/\/sophieott.it\/fr\/prodotto\/la-maladie-un-message-du-corps\/#breadcrumb"},"inLanguage":"fr-FR","potentialAction":[{"@type":"ReadAction","target":["https:\/\/sophieott.it\/fr\/prodotto\/la-maladie-un-message-du-corps\/"]}]},{"@type":"ImageObject","inLanguage":"fr-FR","@id":"https:\/\/sophieott.it\/fr\/prodotto\/la-maladie-un-message-du-corps\/#primaryimage","url":"https:\/\/sophieott.it\/wp-content\/uploads\/2020\/07\/Photo-evento-la-maladie-message-du-corps.001.jpeg","contentUrl":"https:\/\/sophieott.it\/wp-content\/uploads\/2020\/07\/Photo-evento-la-maladie-message-du-corps.001.jpeg","width":1000,"height":1000},{"@type":"BreadcrumbList","@id":"https:\/\/sophieott.it\/fr\/prodotto\/la-maladie-un-message-du-corps\/#breadcrumb","itemListElement":[{"@type":"ListItem","position":1,"name":"Home","item":"https:\/\/sophieott.it\/fr\/"},{"@type":"ListItem","position":2,"name":"Shop","item":"https:\/\/sophieott.it\/negozio\/"},{"@type":"ListItem","position":3,"name":"La maladie, un message du corps"}]},{"@type":"WebSite","@id":"https:\/\/sophieott.it\/#website","url":"https:\/\/sophieott.it\/","name":"Sophie Ott","description":"Bioconsapevolezza","publisher":{"@id":"https:\/\/sophieott.it\/#\/schema\/person\/5a99d5f1d5c80f06ac746af8579672e2"},"potentialAction":[{"@type":"SearchAction","target":{"@type":"EntryPoint","urlTemplate":"https:\/\/sophieott.it\/?s={search_term_string}"},"query-input":{"@type":"PropertyValueSpecification","valueRequired":true,"valueName":"search_term_string"}}],"inLanguage":"fr-FR"},{"@type":["Person","Organization"],"@id":"https:\/\/sophieott.it\/#\/schema\/person\/5a99d5f1d5c80f06ac746af8579672e2","name":"Sophie","image":{"@type":"ImageObject","inLanguage":"fr-FR","@id":"https:\/\/secure.gravatar.com\/avatar\/c590a6c1ce16f9da3a7af0bb4f50335d39831e731c5a8afa5006cb8e60dd17a7?s=96&d=mm&r=g","url":"https:\/\/secure.gravatar.com\/avatar\/c590a6c1ce16f9da3a7af0bb4f50335d39831e731c5a8afa5006cb8e60dd17a7?s=96&d=mm&r=g","contentUrl":"https:\/\/secure.gravatar.com\/avatar\/c590a6c1ce16f9da3a7af0bb4f50335d39831e731c5a8afa5006cb8e60dd17a7?s=96&d=mm&r=g","caption":"Sophie"},"logo":{"@id":"https:\/\/secure.gravatar.com\/avatar\/c590a6c1ce16f9da3a7af0bb4f50335d39831e731c5a8afa5006cb8e60dd17a7?s=96&d=mm&r=g"}}]}},"_links":{"self":[{"href":"https:\/\/sophieott.it\/fr\/wp-json\/wp\/v2\/product\/5513","targetHints":{"allow":["GET"]}}],"collection":[{"href":"https:\/\/sophieott.it\/fr\/wp-json\/wp\/v2\/product"}],"about":[{"href":"https:\/\/sophieott.it\/fr\/wp-json\/wp\/v2\/types\/product"}],"replies":[{"embeddable":true,"href":"https:\/\/sophieott.it\/fr\/wp-json\/wp\/v2\/comments?post=5513"}],"wp:featuredmedia":[{"embeddable":true,"href":"https:\/\/sophieott.it\/fr\/wp-json\/wp\/v2\/media\/5516"}],"wp:attachment":[{"href":"https:\/\/sophieott.it\/fr\/wp-json\/wp\/v2\/media?parent=5513"}],"wp:term":[{"taxonomy":"product_brand","embeddable":true,"href":"https:\/\/sophieott.it\/fr\/wp-json\/wp\/v2\/product_brand?post=5513"},{"taxonomy":"product_cat","embeddable":true,"href":"https:\/\/sophieott.it\/fr\/wp-json\/wp\/v2\/product_cat?post=5513"},{"taxonomy":"product_tag","embeddable":true,"href":"https:\/\/sophieott.it\/fr\/wp-json\/wp\/v2\/product_tag?post=5513"}],"curies":[{"name":"wp","href":"https:\/\/api.w.org\/{rel}","templated":true}]}}