{"id":5426,"date":"2019-11-06T13:42:06","date_gmt":"2019-11-06T13:42:06","guid":{"rendered":"https:\/\/sophieott.it\/prodotto\/naturalmente-in-forma\/"},"modified":"2020-06-19T15:47:08","modified_gmt":"2020-06-19T13:47:08","slug":"objectif-poids-de-forme-2","status":"publish","type":"product","link":"https:\/\/sophieott.it\/fr\/prodotto\/objectif-poids-de-forme-2\/","title":{"rendered":"Objectif Poids de Forme"},"content":{"rendered":"<p>Les \u00e9v\u00e9nements autour du th\u00e8me du poids de forme s&rsquo;adressent \u00e0 tous ceux qui veulent se d\u00e9barrasser d\u2019un surpoids et maintenir leur poids de forme. La voie propos\u00e9e par le Dr Sophie Ott est bas\u00e9e sur la connaissance et le respect de soi.<\/p>\n<p>Partant du principe que chacun a la possibilit\u00e9 de vivre \u00e0 son poids de forme de fa\u00e7on naturelle et spontan\u00e9e, aucun r\u00e9gime alimentaire est propos\u00e9 mais le partage d&rsquo;informations et d&rsquo;actions th\u00e9rapeutiques pour dissoudre les blocages qui emp\u00eachent de vivre cet \u00e9tat naturel.<\/p>\n<p>Le Dr Sophie Ott propose un changement de paradigme.\u00a0 Le surpoids n&rsquo;est plus un ennemi \u00e0 combattre mais devient la porte d&rsquo;entr\u00e9e vers le monde int\u00e9rieur et le signe de blessures, de croyances ou de programmes biologiques qui conditionnent non seulement l&rsquo;apparence physique mais aussi toute notre vie. Les voir et les transformer devient une opportunit\u00e9 d&rsquo;enrichir sa vie outre \u00e0 all\u00e9ger son corps.<\/p>\n<div class='et-box et-shadow'>\n\t\t\t\t\t<div class='et-box-content'>En attendant la programmation d&rsquo;un cours en pr\u00e9sence, d\u00e9couvrez le cours audio <a href=\"https:\/\/sophieott.it\/fr\/prodotto\/cours-audio-surpoids-que-me-racontes-tu\/\" target=\"_blank\" rel=\"noopener noreferrer\"><strong>\u201cSurpoids, que me racontes-tu?\u201d<\/strong><\/a> qui vous permettra d&rsquo;entrer, de chez vous et \u00e0 votre rythme, dans ce nouveau paradigme.<\/div><\/div>\n","protected":false},"excerpt":{"rendered":"<h3><u>LABORATOIRE TH\u00c9RAPEUTIQUE\u00a0<\/u><\/h3>\n<p>Les \u00e9v\u00e9nements autour du th\u00e8me du poids de forme s&rsquo;adressent \u00e0 tous ceux veulent se d\u00e9barrasser d\u2019un surpoids et maintenir leur poids de forme. La voie propos\u00e9e par le Dr Sophie Ott est bas\u00e9e sur la connaissance et le respect de soi.<\/p>\n","protected":false},"featured_media":5454,"comment_status":"open","ping_status":"closed","template":"","meta":{"_et_pb_use_builder":"","_et_pb_old_content":"","_et_gb_content_width":""},"product_brand":[],"product_cat":[67],"product_tag":[92],"class_list":{"0":"post-5426","1":"product","2":"type-product","3":"status-publish","4":"has-post-thumbnail","6":"product_cat-soutien-aux-personnes","7":"product_tag-en-programmation-fr","9":"first","10":"instock","11":"virtual","12":"sold-individually","13":"purchasable","14":"product-type-booking"},"yoast_head":"<!-- This site is optimized with the Yoast SEO plugin v27.5 - https:\/\/yoast.com\/product\/yoast-seo-wordpress\/ -->\n<title>Objectif Poids de Forme - Sophie Ott<\/title>\n<meta name=\"robots\" content=\"index, follow, max-snippet:-1, max-image-preview:large, max-video-preview:-1\" \/>\n<link rel=\"canonical\" href=\"https:\/\/sophieott.it\/fr\/prodotto\/objectif-poids-de-forme-2\/\" \/>\n<meta property=\"og:locale\" content=\"fr_FR\" \/>\n<meta property=\"og:type\" content=\"article\" \/>\n<meta property=\"og:title\" content=\"Objectif Poids de Forme - Sophie Ott\" \/>\n<meta property=\"og:description\" content=\"LABORATOIRE TH\u00c9RAPEUTIQUE\u00a0 Les \u00e9v\u00e9nements autour du th\u00e8me du poids de forme s&#039;adressent \u00e0 tous ceux veulent se d\u00e9barrasser d\u2019un surpoids et maintenir leur poids de forme. La voie propos\u00e9e par le Dr Sophie Ott est bas\u00e9e sur la connaissance et le respect de soi.\" \/>\n<meta property=\"og:url\" content=\"https:\/\/sophieott.it\/fr\/prodotto\/objectif-poids-de-forme-2\/\" \/>\n<meta property=\"og:site_name\" content=\"Sophie Ott\" \/>\n<meta property=\"article:modified_time\" content=\"2020-06-19T13:47:08+00:00\" \/>\n<meta property=\"og:image\" content=\"https:\/\/sophieott.it\/wp-content\/uploads\/2019\/11\/objectif-Poids-de-Forme-immage-produit-site.001.jpeg\" \/>\n\t<meta property=\"og:image:width\" content=\"1000\" \/>\n\t<meta property=\"og:image:height\" content=\"1000\" \/>\n\t<meta property=\"og:image:type\" content=\"image\/jpeg\" \/>\n<meta name=\"twitter:card\" content=\"summary_large_image\" \/>\n<meta name=\"twitter:label1\" content=\"Dur\u00e9e de lecture estim\u00e9e\" \/>\n\t<meta name=\"twitter:data1\" content=\"1 minute\" \/>\n<script type=\"application\/ld+json\" class=\"yoast-schema-graph\">{\"@context\":\"https:\\\/\\\/schema.org\",\"@graph\":[{\"@type\":\"WebPage\",\"@id\":\"https:\\\/\\\/sophieott.it\\\/fr\\\/prodotto\\\/objectif-poids-de-forme-2\\\/\",\"url\":\"https:\\\/\\\/sophieott.it\\\/fr\\\/prodotto\\\/objectif-poids-de-forme-2\\\/\",\"name\":\"Objectif Poids de Forme - Sophie Ott\",\"isPartOf\":{\"@id\":\"https:\\\/\\\/sophieott.it\\\/#website\"},\"primaryImageOfPage\":{\"@id\":\"https:\\\/\\\/sophieott.it\\\/fr\\\/prodotto\\\/objectif-poids-de-forme-2\\\/#primaryimage\"},\"image\":{\"@id\":\"https:\\\/\\\/sophieott.it\\\/fr\\\/prodotto\\\/objectif-poids-de-forme-2\\\/#primaryimage\"},\"thumbnailUrl\":\"https:\\\/\\\/sophieott.it\\\/wp-content\\\/uploads\\\/2019\\\/11\\\/objectif-Poids-de-Forme-immage-produit-site.001.jpeg\",\"datePublished\":\"2019-11-06T13:42:06+00:00\",\"dateModified\":\"2020-06-19T13:47:08+00:00\",\"breadcrumb\":{\"@id\":\"https:\\\/\\\/sophieott.it\\\/fr\\\/prodotto\\\/objectif-poids-de-forme-2\\\/#breadcrumb\"},\"inLanguage\":\"fr-FR\",\"potentialAction\":[{\"@type\":\"ReadAction\",\"target\":[\"https:\\\/\\\/sophieott.it\\\/fr\\\/prodotto\\\/objectif-poids-de-forme-2\\\/\"]}]},{\"@type\":\"ImageObject\",\"inLanguage\":\"fr-FR\",\"@id\":\"https:\\\/\\\/sophieott.it\\\/fr\\\/prodotto\\\/objectif-poids-de-forme-2\\\/#primaryimage\",\"url\":\"https:\\\/\\\/sophieott.it\\\/wp-content\\\/uploads\\\/2019\\\/11\\\/objectif-Poids-de-Forme-immage-produit-site.001.jpeg\",\"contentUrl\":\"https:\\\/\\\/sophieott.it\\\/wp-content\\\/uploads\\\/2019\\\/11\\\/objectif-Poids-de-Forme-immage-produit-site.001.jpeg\",\"width\":1000,\"height\":1000},{\"@type\":\"BreadcrumbList\",\"@id\":\"https:\\\/\\\/sophieott.it\\\/fr\\\/prodotto\\\/objectif-poids-de-forme-2\\\/#breadcrumb\",\"itemListElement\":[{\"@type\":\"ListItem\",\"position\":1,\"name\":\"Home\",\"item\":\"https:\\\/\\\/sophieott.it\\\/fr\\\/\"},{\"@type\":\"ListItem\",\"position\":2,\"name\":\"Shop\",\"item\":\"https:\\\/\\\/sophieott.it\\\/negozio\\\/\"},{\"@type\":\"ListItem\",\"position\":3,\"name\":\"Objectif Poids de Forme\"}]},{\"@type\":\"WebSite\",\"@id\":\"https:\\\/\\\/sophieott.it\\\/#website\",\"url\":\"https:\\\/\\\/sophieott.it\\\/\",\"name\":\"Sophie Ott\",\"description\":\"Bioconsapevolezza\",\"publisher\":{\"@id\":\"https:\\\/\\\/sophieott.it\\\/#\\\/schema\\\/person\\\/5a99d5f1d5c80f06ac746af8579672e2\"},\"potentialAction\":[{\"@type\":\"SearchAction\",\"target\":{\"@type\":\"EntryPoint\",\"urlTemplate\":\"https:\\\/\\\/sophieott.it\\\/?s={search_term_string}\"},\"query-input\":{\"@type\":\"PropertyValueSpecification\",\"valueRequired\":true,\"valueName\":\"search_term_string\"}}],\"inLanguage\":\"fr-FR\"},{\"@type\":[\"Person\",\"Organization\"],\"@id\":\"https:\\\/\\\/sophieott.it\\\/#\\\/schema\\\/person\\\/5a99d5f1d5c80f06ac746af8579672e2\",\"name\":\"Sophie\",\"image\":{\"@type\":\"ImageObject\",\"inLanguage\":\"fr-FR\",\"@id\":\"https:\\\/\\\/secure.gravatar.com\\\/avatar\\\/c590a6c1ce16f9da3a7af0bb4f50335d39831e731c5a8afa5006cb8e60dd17a7?s=96&d=mm&r=g\",\"url\":\"https:\\\/\\\/secure.gravatar.com\\\/avatar\\\/c590a6c1ce16f9da3a7af0bb4f50335d39831e731c5a8afa5006cb8e60dd17a7?s=96&d=mm&r=g\",\"contentUrl\":\"https:\\\/\\\/secure.gravatar.com\\\/avatar\\\/c590a6c1ce16f9da3a7af0bb4f50335d39831e731c5a8afa5006cb8e60dd17a7?s=96&d=mm&r=g\",\"caption\":\"Sophie\"},\"logo\":{\"@id\":\"https:\\\/\\\/secure.gravatar.com\\\/avatar\\\/c590a6c1ce16f9da3a7af0bb4f50335d39831e731c5a8afa5006cb8e60dd17a7?s=96&d=mm&r=g\"}}]}<\/script>\n<!-- \/ Yoast SEO plugin. -->","yoast_head_json":{"title":"Objectif Poids de Forme - Sophie Ott","robots":{"index":"index","follow":"follow","max-snippet":"max-snippet:-1","max-image-preview":"max-image-preview:large","max-video-preview":"max-video-preview:-1"},"canonical":"https:\/\/sophieott.it\/fr\/prodotto\/objectif-poids-de-forme-2\/","og_locale":"fr_FR","og_type":"article","og_title":"Objectif Poids de Forme - Sophie Ott","og_description":"LABORATOIRE TH\u00c9RAPEUTIQUE\u00a0 Les \u00e9v\u00e9nements autour du th\u00e8me du poids de forme s'adressent \u00e0 tous ceux veulent se d\u00e9barrasser d\u2019un surpoids et maintenir leur poids de forme. La voie propos\u00e9e par le Dr Sophie Ott est bas\u00e9e sur la connaissance et le respect de soi.","og_url":"https:\/\/sophieott.it\/fr\/prodotto\/objectif-poids-de-forme-2\/","og_site_name":"Sophie Ott","article_modified_time":"2020-06-19T13:47:08+00:00","og_image":[{"width":1000,"height":1000,"url":"https:\/\/sophieott.it\/wp-content\/uploads\/2019\/11\/objectif-Poids-de-Forme-immage-produit-site.001.jpeg","type":"image\/jpeg"}],"twitter_card":"summary_large_image","twitter_misc":{"Dur\u00e9e de lecture estim\u00e9e":"1 minute"},"schema":{"@context":"https:\/\/schema.org","@graph":[{"@type":"WebPage","@id":"https:\/\/sophieott.it\/fr\/prodotto\/objectif-poids-de-forme-2\/","url":"https:\/\/sophieott.it\/fr\/prodotto\/objectif-poids-de-forme-2\/","name":"Objectif Poids de Forme - Sophie Ott","isPartOf":{"@id":"https:\/\/sophieott.it\/#website"},"primaryImageOfPage":{"@id":"https:\/\/sophieott.it\/fr\/prodotto\/objectif-poids-de-forme-2\/#primaryimage"},"image":{"@id":"https:\/\/sophieott.it\/fr\/prodotto\/objectif-poids-de-forme-2\/#primaryimage"},"thumbnailUrl":"https:\/\/sophieott.it\/wp-content\/uploads\/2019\/11\/objectif-Poids-de-Forme-immage-produit-site.001.jpeg","datePublished":"2019-11-06T13:42:06+00:00","dateModified":"2020-06-19T13:47:08+00:00","breadcrumb":{"@id":"https:\/\/sophieott.it\/fr\/prodotto\/objectif-poids-de-forme-2\/#breadcrumb"},"inLanguage":"fr-FR","potentialAction":[{"@type":"ReadAction","target":["https:\/\/sophieott.it\/fr\/prodotto\/objectif-poids-de-forme-2\/"]}]},{"@type":"ImageObject","inLanguage":"fr-FR","@id":"https:\/\/sophieott.it\/fr\/prodotto\/objectif-poids-de-forme-2\/#primaryimage","url":"https:\/\/sophieott.it\/wp-content\/uploads\/2019\/11\/objectif-Poids-de-Forme-immage-produit-site.001.jpeg","contentUrl":"https:\/\/sophieott.it\/wp-content\/uploads\/2019\/11\/objectif-Poids-de-Forme-immage-produit-site.001.jpeg","width":1000,"height":1000},{"@type":"BreadcrumbList","@id":"https:\/\/sophieott.it\/fr\/prodotto\/objectif-poids-de-forme-2\/#breadcrumb","itemListElement":[{"@type":"ListItem","position":1,"name":"Home","item":"https:\/\/sophieott.it\/fr\/"},{"@type":"ListItem","position":2,"name":"Shop","item":"https:\/\/sophieott.it\/negozio\/"},{"@type":"ListItem","position":3,"name":"Objectif Poids de Forme"}]},{"@type":"WebSite","@id":"https:\/\/sophieott.it\/#website","url":"https:\/\/sophieott.it\/","name":"Sophie Ott","description":"Bioconsapevolezza","publisher":{"@id":"https:\/\/sophieott.it\/#\/schema\/person\/5a99d5f1d5c80f06ac746af8579672e2"},"potentialAction":[{"@type":"SearchAction","target":{"@type":"EntryPoint","urlTemplate":"https:\/\/sophieott.it\/?s={search_term_string}"},"query-input":{"@type":"PropertyValueSpecification","valueRequired":true,"valueName":"search_term_string"}}],"inLanguage":"fr-FR"},{"@type":["Person","Organization"],"@id":"https:\/\/sophieott.it\/#\/schema\/person\/5a99d5f1d5c80f06ac746af8579672e2","name":"Sophie","image":{"@type":"ImageObject","inLanguage":"fr-FR","@id":"https:\/\/secure.gravatar.com\/avatar\/c590a6c1ce16f9da3a7af0bb4f50335d39831e731c5a8afa5006cb8e60dd17a7?s=96&d=mm&r=g","url":"https:\/\/secure.gravatar.com\/avatar\/c590a6c1ce16f9da3a7af0bb4f50335d39831e731c5a8afa5006cb8e60dd17a7?s=96&d=mm&r=g","contentUrl":"https:\/\/secure.gravatar.com\/avatar\/c590a6c1ce16f9da3a7af0bb4f50335d39831e731c5a8afa5006cb8e60dd17a7?s=96&d=mm&r=g","caption":"Sophie"},"logo":{"@id":"https:\/\/secure.gravatar.com\/avatar\/c590a6c1ce16f9da3a7af0bb4f50335d39831e731c5a8afa5006cb8e60dd17a7?s=96&d=mm&r=g"}}]}},"_links":{"self":[{"href":"https:\/\/sophieott.it\/fr\/wp-json\/wp\/v2\/product\/5426","targetHints":{"allow":["GET"]}}],"collection":[{"href":"https:\/\/sophieott.it\/fr\/wp-json\/wp\/v2\/product"}],"about":[{"href":"https:\/\/sophieott.it\/fr\/wp-json\/wp\/v2\/types\/product"}],"replies":[{"embeddable":true,"href":"https:\/\/sophieott.it\/fr\/wp-json\/wp\/v2\/comments?post=5426"}],"wp:featuredmedia":[{"embeddable":true,"href":"https:\/\/sophieott.it\/fr\/wp-json\/wp\/v2\/media\/5454"}],"wp:attachment":[{"href":"https:\/\/sophieott.it\/fr\/wp-json\/wp\/v2\/media?parent=5426"}],"wp:term":[{"taxonomy":"product_brand","embeddable":true,"href":"https:\/\/sophieott.it\/fr\/wp-json\/wp\/v2\/product_brand?post=5426"},{"taxonomy":"product_cat","embeddable":true,"href":"https:\/\/sophieott.it\/fr\/wp-json\/wp\/v2\/product_cat?post=5426"},{"taxonomy":"product_tag","embeddable":true,"href":"https:\/\/sophieott.it\/fr\/wp-json\/wp\/v2\/product_tag?post=5426"}],"curies":[{"name":"wp","href":"https:\/\/api.w.org\/{rel}","templated":true}]}}