{"id":5183,"date":"2020-05-19T15:37:35","date_gmt":"2020-05-19T13:37:35","guid":{"rendered":"https:\/\/sophieott.it\/?page_id=5183"},"modified":"2020-05-20T17:58:34","modified_gmt":"2020-05-20T15:58:34","slug":"credits","status":"publish","type":"page","link":"https:\/\/sophieott.it\/fr\/credits\/","title":{"rendered":"Credits"},"content":{"rendered":"<p>[et_pb_section fb_built=\u00a0\u00bb1&Prime; _builder_version=\u00a0\u00bb4.0.6&Prime;][et_pb_row column_structure=\u00a0\u00bb1_2,1_2&Prime; _builder_version=\u00a0\u00bb4.0.6&Prime;][et_pb_column type=\u00a0\u00bb1_2&Prime; _builder_version=\u00a0\u00bb4.0.6&Prime;][et_pb_text admin_label=\u00a0\u00bbUn ringraziamento speciale a:\u00a0\u00bb _builder_version=\u00a0\u00bb4.4.1&Prime; hover_enabled=\u00a0\u00bb0&Prime;]<\/p>\n<h1>Un remerciement sp\u00e9cial a:<\/h1>\n<p>&nbsp;<br \/>\n[\/et_pb_text][et_pb_text _builder_version=\u00a0\u00bb4.4.1&Prime; hover_enabled=\u00a0\u00bb0&Prime;]A Catherine Ott pour la relecture attentive des textes en fran\u00e7ais.<\/p>\n<p>L\u2019\u00e9quipe de <a href=\"https:\/\/beecreative.it\">Beecreative<\/a> pour les comp\u00e9tences techniques mais aussi l&#8217;empathie t\u00e9moign\u00e9e pour r\u00e9pondre \u00e0 toutes mes demandes.<\/p>\n<p><a href=\"http:\/\/www.edostrategicdesign.com\">Edoardo Repetti<\/a> pour son regard cr\u00e9atif et son esprit vif dans la cr\u00e9ation graphique.<\/p>\n<p>A <a href=\"https:\/\/www.lovebynikkadimroci.com\">Nikka Dimroci<\/a> pour m&rsquo;avoir accueillie et mise \u00e0 l\u2019aise au point de me faire oublier la pr\u00e9sence de l&rsquo;appareil photo.<br \/>\n[\/et_pb_text][\/et_pb_column][et_pb_column type=\u00a0\u00bb1_2&Prime; _builder_version=\u00a0\u00bb4.0.6&Prime;][et_pb_image src=\u00a0\u00bbhttps:\/\/sophieott.it\/wp-content\/uploads\/2019\/11\/sophieDef.jpg\u00a0\u00bb _builder_version=\u00a0\u00bb4.0.6&Prime;][\/et_pb_image][\/et_pb_column][\/et_pb_row][\/et_pb_section]<\/p>\n","protected":false},"excerpt":{"rendered":"<p>Un remerciement sp\u00e9cial a: &nbsp; A Catherine Ott pour la relecture attentive des textes en fran\u00e7ais. L\u2019\u00e9quipe de Beecreative pour les comp\u00e9tences techniques mais aussi l&#8217;empathie t\u00e9moign\u00e9e pour r\u00e9pondre \u00e0 toutes mes demandes. Edoardo Repetti pour son regard cr\u00e9atif et son esprit vif dans la cr\u00e9ation graphique. A Nikka Dimroci pour m&rsquo;avoir accueillie et mise [&hellip;]<\/p>\n","protected":false},"author":3,"featured_media":0,"parent":0,"menu_order":140,"comment_status":"closed","ping_status":"closed","template":"","meta":{"_et_pb_use_builder":"on","_et_pb_old_content":"[et_pb_section fb_built=\"1\" _builder_version=\"4.0.6\"][et_pb_row column_structure=\"1_2,1_2\" _builder_version=\"4.0.6\"][et_pb_column type=\"1_2\" _builder_version=\"4.0.6\"][et_pb_text admin_label=\"Un ringraziamento speciale a:\" _builder_version=\"4.0.6\"]<h1>Un ringraziamento speciale a:<\/h1>\r\n\u00a0\r\n[\/et_pb_text][et_pb_text _builder_version=\"4.0.6\" hover_enabled=\"0\"]<p><a href=\"https:\/\/www.paolatorretta.it\">Paola Torretta<\/a> per la pazienza e la determinazione nell' aggiustare i testi e il mio italiano \"leggermente\" francesizzato.<\/p>\r\n<p>Il team di <a href=\"https:\/\/beecreative.it\">Beecreative<\/a> per le competenze tecniche ma anche l'empatia per rispondere ad ogni mia esigenze.<\/p>\r\n<p><a href=\"http:\/\/www.edostrategicdesign.com\">Edoardo Repetti<\/a>\u00a0per il suo sguardo creativo e la sua mente veloce a creare le giuste grafiche.<\/p>\r\n<p>A <a href=\"https:\/\/www.lovebynikkadimroci.com\">Nikka Dimroci<\/a> per avermi fatto sentire a mio agio al punto da farmi dimenticare la presenza incombente della macchina fotografica.<\/p>\r\n<p>\u00a0<\/p>\r\n[\/et_pb_text][\/et_pb_column][et_pb_column type=\"1_2\" _builder_version=\"4.0.6\"][et_pb_image src=\"https:\/\/sophieott.it\/wp-content\/uploads\/2019\/11\/sophieDef.jpg\" _builder_version=\"4.0.6\"][\/et_pb_image][\/et_pb_column][\/et_pb_row][\/et_pb_section]","_et_gb_content_width":"","footnotes":""},"class_list":["post-5183","page","type-page","status-publish","hentry"],"yoast_head":"<!-- This site is optimized with the Yoast SEO plugin v27.5 - https:\/\/yoast.com\/product\/yoast-seo-wordpress\/ -->\n<title>Credits - Sophie Ott<\/title>\n<meta name=\"robots\" content=\"index, follow, max-snippet:-1, max-image-preview:large, max-video-preview:-1\" \/>\n<link rel=\"canonical\" href=\"https:\/\/sophieott.it\/fr\/credits\/\" \/>\n<meta property=\"og:locale\" content=\"fr_FR\" \/>\n<meta property=\"og:type\" content=\"article\" \/>\n<meta property=\"og:title\" content=\"Credits - Sophie Ott\" \/>\n<meta property=\"og:description\" content=\"Un remerciement sp\u00e9cial a: &nbsp; A Catherine Ott pour la relecture attentive des textes en fran\u00e7ais. L\u2019\u00e9quipe de Beecreative pour les comp\u00e9tences techniques mais aussi l&#039;empathie t\u00e9moign\u00e9e pour r\u00e9pondre \u00e0 toutes mes demandes. Edoardo Repetti pour son regard cr\u00e9atif et son esprit vif dans la cr\u00e9ation graphique. A Nikka Dimroci pour m&#039;avoir accueillie et mise [&hellip;]\" \/>\n<meta property=\"og:url\" content=\"https:\/\/sophieott.it\/fr\/credits\/\" \/>\n<meta property=\"og:site_name\" content=\"Sophie Ott\" \/>\n<meta property=\"article:modified_time\" content=\"2020-05-20T15:58:34+00:00\" \/>\n<meta property=\"og:image\" content=\"https:\/\/sophieott.it\/wp-content\/uploads\/2019\/11\/zoom-SOPHIE_11-1.jpg\" \/>\n\t<meta property=\"og:image:width\" content=\"1705\" \/>\n\t<meta property=\"og:image:height\" content=\"1400\" \/>\n\t<meta property=\"og:image:type\" content=\"image\/jpeg\" \/>\n<meta name=\"twitter:card\" content=\"summary_large_image\" \/>\n<meta name=\"twitter:label1\" content=\"Dur\u00e9e de lecture estim\u00e9e\" \/>\n\t<meta name=\"twitter:data1\" content=\"1 minute\" \/>\n<script type=\"application\/ld+json\" class=\"yoast-schema-graph\">{\"@context\":\"https:\\\/\\\/schema.org\",\"@graph\":[{\"@type\":\"WebPage\",\"@id\":\"https:\\\/\\\/sophieott.it\\\/fr\\\/credits\\\/\",\"url\":\"https:\\\/\\\/sophieott.it\\\/fr\\\/credits\\\/\",\"name\":\"Credits - Sophie Ott\",\"isPartOf\":{\"@id\":\"https:\\\/\\\/sophieott.it\\\/#website\"},\"datePublished\":\"2020-05-19T13:37:35+00:00\",\"dateModified\":\"2020-05-20T15:58:34+00:00\",\"breadcrumb\":{\"@id\":\"https:\\\/\\\/sophieott.it\\\/fr\\\/credits\\\/#breadcrumb\"},\"inLanguage\":\"fr-FR\",\"potentialAction\":[{\"@type\":\"ReadAction\",\"target\":[\"https:\\\/\\\/sophieott.it\\\/fr\\\/credits\\\/\"]}]},{\"@type\":\"BreadcrumbList\",\"@id\":\"https:\\\/\\\/sophieott.it\\\/fr\\\/credits\\\/#breadcrumb\",\"itemListElement\":[{\"@type\":\"ListItem\",\"position\":1,\"name\":\"Home\",\"item\":\"https:\\\/\\\/sophieott.it\\\/fr\\\/\"},{\"@type\":\"ListItem\",\"position\":2,\"name\":\"Credits\"}]},{\"@type\":\"WebSite\",\"@id\":\"https:\\\/\\\/sophieott.it\\\/#website\",\"url\":\"https:\\\/\\\/sophieott.it\\\/\",\"name\":\"Sophie Ott\",\"description\":\"Bioconsapevolezza\",\"publisher\":{\"@id\":\"https:\\\/\\\/sophieott.it\\\/#\\\/schema\\\/person\\\/5a99d5f1d5c80f06ac746af8579672e2\"},\"potentialAction\":[{\"@type\":\"SearchAction\",\"target\":{\"@type\":\"EntryPoint\",\"urlTemplate\":\"https:\\\/\\\/sophieott.it\\\/?s={search_term_string}\"},\"query-input\":{\"@type\":\"PropertyValueSpecification\",\"valueRequired\":true,\"valueName\":\"search_term_string\"}}],\"inLanguage\":\"fr-FR\"},{\"@type\":[\"Person\",\"Organization\"],\"@id\":\"https:\\\/\\\/sophieott.it\\\/#\\\/schema\\\/person\\\/5a99d5f1d5c80f06ac746af8579672e2\",\"name\":\"Sophie\",\"image\":{\"@type\":\"ImageObject\",\"inLanguage\":\"fr-FR\",\"@id\":\"https:\\\/\\\/secure.gravatar.com\\\/avatar\\\/c590a6c1ce16f9da3a7af0bb4f50335d39831e731c5a8afa5006cb8e60dd17a7?s=96&d=mm&r=g\",\"url\":\"https:\\\/\\\/secure.gravatar.com\\\/avatar\\\/c590a6c1ce16f9da3a7af0bb4f50335d39831e731c5a8afa5006cb8e60dd17a7?s=96&d=mm&r=g\",\"contentUrl\":\"https:\\\/\\\/secure.gravatar.com\\\/avatar\\\/c590a6c1ce16f9da3a7af0bb4f50335d39831e731c5a8afa5006cb8e60dd17a7?s=96&d=mm&r=g\",\"caption\":\"Sophie\"},\"logo\":{\"@id\":\"https:\\\/\\\/secure.gravatar.com\\\/avatar\\\/c590a6c1ce16f9da3a7af0bb4f50335d39831e731c5a8afa5006cb8e60dd17a7?s=96&d=mm&r=g\"}}]}<\/script>\n<!-- \/ Yoast SEO plugin. -->","yoast_head_json":{"title":"Credits - Sophie Ott","robots":{"index":"index","follow":"follow","max-snippet":"max-snippet:-1","max-image-preview":"max-image-preview:large","max-video-preview":"max-video-preview:-1"},"canonical":"https:\/\/sophieott.it\/fr\/credits\/","og_locale":"fr_FR","og_type":"article","og_title":"Credits - Sophie Ott","og_description":"Un remerciement sp\u00e9cial a: &nbsp; A Catherine Ott pour la relecture attentive des textes en fran\u00e7ais. L\u2019\u00e9quipe de Beecreative pour les comp\u00e9tences techniques mais aussi l'empathie t\u00e9moign\u00e9e pour r\u00e9pondre \u00e0 toutes mes demandes. Edoardo Repetti pour son regard cr\u00e9atif et son esprit vif dans la cr\u00e9ation graphique. A Nikka Dimroci pour m'avoir accueillie et mise [&hellip;]","og_url":"https:\/\/sophieott.it\/fr\/credits\/","og_site_name":"Sophie Ott","article_modified_time":"2020-05-20T15:58:34+00:00","og_image":[{"width":1705,"height":1400,"url":"https:\/\/sophieott.it\/wp-content\/uploads\/2019\/11\/zoom-SOPHIE_11-1.jpg","type":"image\/jpeg"}],"twitter_card":"summary_large_image","twitter_misc":{"Dur\u00e9e de lecture estim\u00e9e":"1 minute"},"schema":{"@context":"https:\/\/schema.org","@graph":[{"@type":"WebPage","@id":"https:\/\/sophieott.it\/fr\/credits\/","url":"https:\/\/sophieott.it\/fr\/credits\/","name":"Credits - Sophie Ott","isPartOf":{"@id":"https:\/\/sophieott.it\/#website"},"datePublished":"2020-05-19T13:37:35+00:00","dateModified":"2020-05-20T15:58:34+00:00","breadcrumb":{"@id":"https:\/\/sophieott.it\/fr\/credits\/#breadcrumb"},"inLanguage":"fr-FR","potentialAction":[{"@type":"ReadAction","target":["https:\/\/sophieott.it\/fr\/credits\/"]}]},{"@type":"BreadcrumbList","@id":"https:\/\/sophieott.it\/fr\/credits\/#breadcrumb","itemListElement":[{"@type":"ListItem","position":1,"name":"Home","item":"https:\/\/sophieott.it\/fr\/"},{"@type":"ListItem","position":2,"name":"Credits"}]},{"@type":"WebSite","@id":"https:\/\/sophieott.it\/#website","url":"https:\/\/sophieott.it\/","name":"Sophie Ott","description":"Bioconsapevolezza","publisher":{"@id":"https:\/\/sophieott.it\/#\/schema\/person\/5a99d5f1d5c80f06ac746af8579672e2"},"potentialAction":[{"@type":"SearchAction","target":{"@type":"EntryPoint","urlTemplate":"https:\/\/sophieott.it\/?s={search_term_string}"},"query-input":{"@type":"PropertyValueSpecification","valueRequired":true,"valueName":"search_term_string"}}],"inLanguage":"fr-FR"},{"@type":["Person","Organization"],"@id":"https:\/\/sophieott.it\/#\/schema\/person\/5a99d5f1d5c80f06ac746af8579672e2","name":"Sophie","image":{"@type":"ImageObject","inLanguage":"fr-FR","@id":"https:\/\/secure.gravatar.com\/avatar\/c590a6c1ce16f9da3a7af0bb4f50335d39831e731c5a8afa5006cb8e60dd17a7?s=96&d=mm&r=g","url":"https:\/\/secure.gravatar.com\/avatar\/c590a6c1ce16f9da3a7af0bb4f50335d39831e731c5a8afa5006cb8e60dd17a7?s=96&d=mm&r=g","contentUrl":"https:\/\/secure.gravatar.com\/avatar\/c590a6c1ce16f9da3a7af0bb4f50335d39831e731c5a8afa5006cb8e60dd17a7?s=96&d=mm&r=g","caption":"Sophie"},"logo":{"@id":"https:\/\/secure.gravatar.com\/avatar\/c590a6c1ce16f9da3a7af0bb4f50335d39831e731c5a8afa5006cb8e60dd17a7?s=96&d=mm&r=g"}}]}},"_links":{"self":[{"href":"https:\/\/sophieott.it\/fr\/wp-json\/wp\/v2\/pages\/5183","targetHints":{"allow":["GET"]}}],"collection":[{"href":"https:\/\/sophieott.it\/fr\/wp-json\/wp\/v2\/pages"}],"about":[{"href":"https:\/\/sophieott.it\/fr\/wp-json\/wp\/v2\/types\/page"}],"author":[{"embeddable":true,"href":"https:\/\/sophieott.it\/fr\/wp-json\/wp\/v2\/users\/3"}],"replies":[{"embeddable":true,"href":"https:\/\/sophieott.it\/fr\/wp-json\/wp\/v2\/comments?post=5183"}],"version-history":[{"count":4,"href":"https:\/\/sophieott.it\/fr\/wp-json\/wp\/v2\/pages\/5183\/revisions"}],"predecessor-version":[{"id":5233,"href":"https:\/\/sophieott.it\/fr\/wp-json\/wp\/v2\/pages\/5183\/revisions\/5233"}],"wp:attachment":[{"href":"https:\/\/sophieott.it\/fr\/wp-json\/wp\/v2\/media?parent=5183"}],"curies":[{"name":"wp","href":"https:\/\/api.w.org\/{rel}","templated":true}]}}