{"id":4942,"date":"2020-05-11T09:33:54","date_gmt":"2020-05-11T07:33:54","guid":{"rendered":"https:\/\/sophieott.it\/?page_id=4942"},"modified":"2020-06-11T14:57:21","modified_gmt":"2020-06-11T12:57:21","slug":"contacts","status":"publish","type":"page","link":"https:\/\/sophieott.it\/fr\/contacts\/","title":{"rendered":"Contacts"},"content":{"rendered":"<p>[et_pb_section fb_built=\u00a0\u00bb1&Prime; module_class=\u00a0\u00bbsezioneHero\u00a0\u00bb _builder_version=\u00a0\u00bb4.0.4&Prime; use_background_color_gradient=\u00a0\u00bbon\u00a0\u00bb background_color_gradient_start=\u00a0\u00bb#f9eee8&Prime; background_color_gradient_end=\u00a0\u00bb#c7b5a9&Prime; background_enable_image=\u00a0\u00bboff\u00a0\u00bb background_position=\u00a0\u00bbcenter_right\u00a0\u00bb custom_padding=\u00a0\u00bb0px||0px||false|false\u00a0\u00bb background_last_edited=\u00a0\u00bbon|phone\u00a0\u00bb background_color_gradient_start_position_phone=\u00a0\u00bb60%\u00a0\u00bb locked=\u00a0\u00bboff\u00a0\u00bb][et_pb_row column_structure=\u00a0\u00bb1_2,1_2&Prime; make_equal=\u00a0\u00bbon\u00a0\u00bb _builder_version=\u00a0\u00bb4.0.4&Prime; custom_padding=\u00a0\u00bb0px||0px||false|false\u00a0\u00bb][et_pb_column type=\u00a0\u00bb1_2&Prime; _builder_version=\u00a0\u00bb4.0.4&Prime;][et_pb_text admin_label=\u00a0\u00bbContatti\u00a0\u00bb _builder_version=\u00a0\u00bb4.4.1&Prime; text_text_color=\u00a0\u00bb#414744&Prime; text_font_size=\u00a0\u00bb74px\u00a0\u00bb custom_css_main_element=\u00a0\u00bbpadding-top:40px;\u00a0\u00bb]<\/p>\n<h1 class=\"sheila\">Contacts<\/h1>\n<p>[\/et_pb_text][\/et_pb_column][et_pb_column type=\u00a0\u00bb1_2&Prime; _builder_version=\u00a0\u00bb4.0.4&Prime;][et_pb_image src=\u00a0\u00bbhttps:\/\/sophieott.it\/wp-content\/uploads\/2019\/11\/sophieTestata_03.png\u00a0\u00bb _builder_version=\u00a0\u00bb4.0.4&Prime;][\/et_pb_image][\/et_pb_column][\/et_pb_row][\/et_pb_section][et_pb_section fb_built=\u00a0\u00bb1&Prime; _builder_version=\u00a0\u00bb4.0.4&Prime; locked=\u00a0\u00bboff\u00a0\u00bb][et_pb_row column_structure=\u00a0\u00bb1_2,1_2&Prime; _builder_version=\u00a0\u00bb4.0.4&Prime; width=\u00a0\u00bb52%\u00a0\u00bb width_tablet=\u00a0\u00bb80%\u00a0\u00bb width_phone=\u00a0\u00bb80%\u00a0\u00bb width_last_edited=\u00a0\u00bbon|tablet\u00a0\u00bb saved_tabs=\u00a0\u00bball\u00a0\u00bb][et_pb_column type=\u00a0\u00bb1_2&Prime; _builder_version=\u00a0\u00bb4.0.4&Prime;][et_pb_text _builder_version=\u00a0\u00bb4.4.1&Prime;]<\/p>\n<h3>Pour aller plus loin ensemble<\/h3>\n<p>Si vous avez besoin de plus d&rsquo;informations, contactez-moi.<\/p>\n<p>Chaque mois, j&rsquo;envoie une newsletter aux abonn\u00e9s, dans laquelle je partage des r\u00e9flexions et une mise \u00e0 jour de mes activit\u00e9s. Si vous souhaitez la recevoir, laissez vos coordonn\u00e9es. La newsletter est publi\u00e9e en italien mais vous pourrez facilement traduire son contenu si vous \u00eates int\u00e9ress\u00e9.<\/p>\n<p>[\/et_pb_text][et_pb_blurb title=\u00a0\u00bbEmail\u00a0\u00bb use_icon=\u00a0\u00bbon\u00a0\u00bb font_icon=\u00a0\u00bb%%109%%\u00a0\u00bb icon_color=\u00a0\u00bb#ffffff\u00a0\u00bb use_circle=\u00a0\u00bbon\u00a0\u00bb icon_placement=\u00a0\u00bbleft\u00a0\u00bb admin_label=\u00a0\u00bbMail\u00a0\u00bb _builder_version=\u00a0\u00bb4.0.6&Prime; custom_css_blurb_title=\u00a0\u00bbpadding-bottom:0px;\u00a0\u00bb locked=\u00a0\u00bboff\u00a0\u00bb]info@sophieott.it[\/et_pb_blurb][et_pb_social_media_follow icon_color=\u00a0\u00bb#ffffff\u00a0\u00bb _builder_version=\u00a0\u00bb4.4.1&Prime; hover_enabled=\u00a0\u00bb0&Prime; locked=\u00a0\u00bboff\u00a0\u00bb][et_pb_social_media_follow_network social_network=\u00a0\u00bbfacebook\u00a0\u00bb url=\u00a0\u00bbhttps:\/\/it-it.facebook.com\/bioconsapevolezza\/\u00a0\u00bb _builder_version=\u00a0\u00bb4.0.6&Prime; background_color=\u00a0\u00bb#7f8f85&Prime; background_enable_color=\u00a0\u00bbon\u00a0\u00bb border_radii=\u00a0\u00bbon|15px|15px|15px|15px\u00a0\u00bb follow_button=\u00a0\u00bboff\u00a0\u00bb url_new_window=\u00a0\u00bbon\u00a0\u00bb]facebook[\/et_pb_social_media_follow_network][et_pb_social_media_follow_network social_network=\u00a0\u00bbyoutube\u00a0\u00bb _builder_version=\u00a0\u00bb4.4.1&Prime; background_color=\u00a0\u00bb#7f8f85&Prime; background_enable_color=\u00a0\u00bbon\u00a0\u00bb hover_enabled=\u00a0\u00bb0&Prime; border_radii=\u00a0\u00bbon|15px|15px|15px|15px\u00a0\u00bb follow_button=\u00a0\u00bboff\u00a0\u00bb url_new_window=\u00a0\u00bbon\u00a0\u00bb url=\u00a0\u00bbhttps:\/\/www.youtube.com\/channel\/UC47CJ0sVjtRWbJh2uUhZ7CQ\/feed\u00a0\u00bb]youtube[\/et_pb_social_media_follow_network][et_pb_social_media_follow_network social_network=\u00a0\u00bblinkedin\u00a0\u00bb url=\u00a0\u00bbhttps:\/\/it.linkedin.com\/in\/sophieott\u00a0\u00bb _builder_version=\u00a0\u00bb4.0.6&Prime; background_color=\u00a0\u00bb#7f8f85&Prime; background_enable_color=\u00a0\u00bbon\u00a0\u00bb border_radii=\u00a0\u00bbon|15px|15px|15px|15px\u00a0\u00bb follow_button=\u00a0\u00bboff\u00a0\u00bb url_new_window=\u00a0\u00bbon\u00a0\u00bb]linkedin[\/et_pb_social_media_follow_network][\/et_pb_social_media_follow][\/et_pb_column][et_pb_column type=\u00a0\u00bb1_2&Prime; _builder_version=\u00a0\u00bb4.0.4&Prime;][et_pb_text _builder_version=\u00a0\u00bb4.4.1&Prime;]<div class=\"wpforms-container wpforms-container-full\" id=\"wpforms-4994\"><form id=\"wpforms-form-4994\" class=\"wpforms-validate wpforms-form\" data-formid=\"4994\" method=\"post\" enctype=\"multipart\/form-data\" action=\"\/fr\/wp-json\/wp\/v2\/pages\/4942\" data-token=\"aee4f428ba406382e1726d46b40c4a9a\" data-token-time=\"1775260682\"><noscript class=\"wpforms-error-noscript\">Veuillez activer JavaScript dans votre navigateur pour remplir ce formulaire.<\/noscript><div class=\"wpforms-field-container\"><div id=\"wpforms-4994-field_3-container\" class=\"wpforms-field wpforms-field-text\" data-field-id=\"3\"><label class=\"wpforms-field-label\" for=\"wpforms-4994-field_3\">Nom <span class=\"wpforms-required-label\">*<\/span><\/label><input type=\"text\" id=\"wpforms-4994-field_3\" class=\"wpforms-field-large wpforms-field-required\" name=\"wpforms[fields][3]\" placeholder=\"Nom\" required><\/div><div id=\"wpforms-4994-field_4-container\" class=\"wpforms-field wpforms-field-text\" data-field-id=\"4\"><label class=\"wpforms-field-label\" for=\"wpforms-4994-field_4\">Pr\u00e9nom <span class=\"wpforms-required-label\">*<\/span><\/label><input type=\"text\" id=\"wpforms-4994-field_4\" class=\"wpforms-field-large wpforms-field-required\" name=\"wpforms[fields][4]\" placeholder=\"Pr\u00e9nom\" required><\/div><div id=\"wpforms-4994-field_1-container\" class=\"wpforms-field wpforms-field-email\" data-field-id=\"1\"><label class=\"wpforms-field-label\" for=\"wpforms-4994-field_1\">Email <span class=\"wpforms-required-label\">*<\/span><\/label><input type=\"email\" id=\"wpforms-4994-field_1\" class=\"wpforms-field-large wpforms-field-required\" name=\"wpforms[fields][1]\" placeholder=\"Email\" spellcheck=\"false\" required><\/div><div id=\"wpforms-4994-field_2-container\" class=\"wpforms-field wpforms-field-textarea\" data-field-id=\"2\"><label class=\"wpforms-field-label\" for=\"wpforms-4994-field_2\">Texte du message <span class=\"wpforms-required-label\">*<\/span><\/label><textarea id=\"wpforms-4994-field_2\" class=\"wpforms-field-medium wpforms-field-required\" name=\"wpforms[fields][2]\" placeholder=\"Entrez votre message\" required><\/textarea><\/div><div id=\"wpforms-4994-field_5-container\" class=\"wpforms-field wpforms-field-checkbox\" data-field-id=\"5\"><label class=\"wpforms-field-label wpforms-label-hide\">Spunta privacy<\/label><ul id=\"wpforms-4994-field_5\"><li class=\"choice-1 depth-1\"><input type=\"checkbox\" id=\"wpforms-4994-field_5_1\" name=\"wpforms[fields][5][]\" value=\"j\u2019ai pris connaissance de la politique de confidentialit\u00e9 et j\u2019en accepte les termes\"  ><label class=\"wpforms-field-label-inline\" for=\"wpforms-4994-field_5_1\">j\u2019ai pris connaissance de la politique de confidentialit\u00e9 et j\u2019en accepte les termes<\/label><\/li><\/ul><div class=\"wpforms-field-description\">Consultez notre politique de confidentialit\u00e9 <a href=\"https:\/\/www.sophieott.it\/fr\/politique-de-confidentialite\/\" target=\"_blank\">CLIQUEZ ICI<\/a><\/div><\/div><\/div><!-- .wpforms-field-container --><div class=\"wpforms-field wpforms-field-hp\"><label for=\"wpforms-4994-field-hp\" class=\"wpforms-field-label\">Name<\/label><input type=\"text\" name=\"wpforms[hp]\" id=\"wpforms-4994-field-hp\" class=\"wpforms-field-medium\"><\/div><div class=\"wpforms-recaptcha-container wpforms-is-recaptcha wpforms-is-recaptcha-type-v3\" ><input type=\"hidden\" name=\"wpforms[recaptcha]\" value=\"\"><\/div><div class=\"wpforms-submit-container\" ><input type=\"hidden\" name=\"wpforms[id]\" value=\"4994\"><input type=\"hidden\" name=\"page_title\" value=\"\"><input type=\"hidden\" name=\"page_url\" value=\"https:\/\/sophieott.it\/fr\/wp-json\/wp\/v2\/pages\/4942\"><input type=\"hidden\" name=\"url_referer\" value=\"\"><button type=\"submit\" name=\"wpforms[submit]\" id=\"wpforms-submit-4994\" class=\"wpforms-submit\" data-alt-text=\"Envoi...\" data-submit-text=\"Envoi\" aria-live=\"assertive\" value=\"wpforms-submit\">Envoi<\/button><\/div><\/form><\/div>  <!-- .wpforms-container -->[\/et_pb_text][\/et_pb_column][\/et_pb_row][\/et_pb_section]<\/p>\n","protected":false},"excerpt":{"rendered":"<p>ContactsPour aller plus loin ensemble Si vous avez besoin de plus d&rsquo;informations, contactez-moi. Chaque mois, j&rsquo;envoie une newsletter aux abonn\u00e9s, dans laquelle je partage des r\u00e9flexions et une mise \u00e0 jour de mes activit\u00e9s. Si vous souhaitez la recevoir, laissez vos coordonn\u00e9es. La newsletter est publi\u00e9e en italien mais vous pourrez facilement traduire son contenu [&hellip;]<\/p>\n","protected":false},"author":3,"featured_media":0,"parent":0,"menu_order":50,"comment_status":"closed","ping_status":"closed","template":"","meta":{"_et_pb_use_builder":"on","_et_pb_old_content":"[et_pb_section fb_built=\"1\" module_class=\"sezioneHero\" _builder_version=\"4.0.4\" use_background_color_gradient=\"on\" background_color_gradient_start=\"#f9eee8\" background_color_gradient_end=\"#c7b5a9\" background_enable_image=\"off\" background_position=\"center_right\" custom_padding=\"0px||0px||false|false\" background_last_edited=\"on|phone\" background_color_gradient_start_position_phone=\"60%\" locked=\"off\"][et_pb_row column_structure=\"1_2,1_2\" make_equal=\"on\" _builder_version=\"4.0.4\" custom_padding=\"0px||0px||false|false\"][et_pb_column type=\"1_2\" _builder_version=\"4.0.4\"][et_pb_text admin_label=\"Contatti\" _builder_version=\"4.0.4\" text_text_color=\"#414744\" text_font_size=\"74px\" custom_css_main_element=\"padding-top:40px;\"]<h1 class=\"sheila\">Contatti<\/h1>[\/et_pb_text][\/et_pb_column][et_pb_column type=\"1_2\" _builder_version=\"4.0.4\"][et_pb_image src=\"https:\/\/sophieott.it\/wp-content\/uploads\/2019\/11\/sophieTestata_03.png\" _builder_version=\"4.0.4\"][\/et_pb_image][\/et_pb_column][\/et_pb_row][\/et_pb_section][et_pb_section fb_built=\"1\" _builder_version=\"4.0.4\" locked=\"off\"][et_pb_row column_structure=\"1_2,1_2\" _builder_version=\"4.0.4\" width=\"52%\" width_tablet=\"80%\" width_phone=\"80%\" width_last_edited=\"on|tablet\" saved_tabs=\"all\" global_module=\"1455\"][et_pb_column type=\"1_2\" _builder_version=\"4.0.4\"][et_pb_text _builder_version=\"4.0.4\"]<h3>Mi piacerebbe conoscerti<\/h3>\r\n<p>Se servono altre informazioni, contattami.<\/p>\r\n<p>Ogni mese mando una newsletter agli iscritti, nella quale condivido riflessioni e un aggiornamento delle mie attivit\u00e0. Se vuoi riceverla, lascia pure il tuo contatto.[\/et_pb_text][et_pb_blurb title=\"Indirizzo\" use_icon=\"on\" font_icon=\"%%122%%\" icon_color=\"#ffffff\" use_circle=\"on\" icon_placement=\"left\" _builder_version=\"4.0.4\"]Via Villa Mirabello 6[\/et_pb_blurb][et_pb_blurb title=\"Telefono\" use_icon=\"on\" font_icon=\"%%264%%\" icon_color=\"#ffffff\" use_circle=\"on\" icon_placement=\"left\" _builder_version=\"4.0.4\"]02 0000000[\/et_pb_blurb][et_pb_blurb title=\"Email\" use_icon=\"on\" font_icon=\"%%109%%\" icon_color=\"#ffffff\" use_circle=\"on\" icon_placement=\"left\" _builder_version=\"4.0.4\"]info@sophieott.it[\/et_pb_blurb][\/et_pb_column][et_pb_column type=\"1_2\" _builder_version=\"4.0.4\"][et_pb_text _builder_version=\"4.0.4\"][wpforms id=\"837\"][\/et_pb_text][\/et_pb_column][\/et_pb_row][\/et_pb_section]","_et_gb_content_width":"","footnotes":""},"class_list":["post-4942","page","type-page","status-publish","hentry"],"yoast_head":"<!-- This site is optimized with the Yoast SEO plugin v27.3 - https:\/\/yoast.com\/product\/yoast-seo-wordpress\/ -->\n<title>Contacts - Sophie Ott<\/title>\n<meta name=\"robots\" content=\"index, follow, max-snippet:-1, max-image-preview:large, max-video-preview:-1\" \/>\n<link rel=\"canonical\" href=\"https:\/\/sophieott.it\/fr\/contacts\/\" \/>\n<meta property=\"og:locale\" content=\"fr_FR\" \/>\n<meta property=\"og:type\" content=\"article\" \/>\n<meta property=\"og:title\" content=\"Contacts - Sophie Ott\" \/>\n<meta property=\"og:description\" content=\"ContactsPour aller plus loin ensemble Si vous avez besoin de plus d&#039;informations, contactez-moi. Chaque mois, j&#039;envoie une newsletter aux abonn\u00e9s, dans laquelle je partage des r\u00e9flexions et une mise \u00e0 jour de mes activit\u00e9s. Si vous souhaitez la recevoir, laissez vos coordonn\u00e9es. La newsletter est publi\u00e9e en italien mais vous pourrez facilement traduire son contenu [&hellip;]\" \/>\n<meta property=\"og:url\" content=\"https:\/\/sophieott.it\/fr\/contacts\/\" \/>\n<meta property=\"og:site_name\" content=\"Sophie Ott\" \/>\n<meta property=\"article:modified_time\" content=\"2020-06-11T12:57:21+00:00\" \/>\n<meta property=\"og:image\" content=\"https:\/\/sophieott.it\/wp-content\/uploads\/2019\/11\/zoom-SOPHIE_11-1.jpg\" \/>\n\t<meta property=\"og:image:width\" content=\"1705\" \/>\n\t<meta property=\"og:image:height\" content=\"1400\" \/>\n\t<meta property=\"og:image:type\" content=\"image\/jpeg\" \/>\n<meta name=\"twitter:card\" content=\"summary_large_image\" \/>\n<meta name=\"twitter:label1\" content=\"Dur\u00e9e de lecture estim\u00e9e\" \/>\n\t<meta name=\"twitter:data1\" content=\"2 minutes\" \/>\n<script type=\"application\/ld+json\" class=\"yoast-schema-graph\">{\"@context\":\"https:\\\/\\\/schema.org\",\"@graph\":[{\"@type\":\"WebPage\",\"@id\":\"https:\\\/\\\/sophieott.it\\\/fr\\\/contacts\\\/\",\"url\":\"https:\\\/\\\/sophieott.it\\\/fr\\\/contacts\\\/\",\"name\":\"Contacts - Sophie Ott\",\"isPartOf\":{\"@id\":\"https:\\\/\\\/sophieott.it\\\/#website\"},\"datePublished\":\"2020-05-11T07:33:54+00:00\",\"dateModified\":\"2020-06-11T12:57:21+00:00\",\"breadcrumb\":{\"@id\":\"https:\\\/\\\/sophieott.it\\\/fr\\\/contacts\\\/#breadcrumb\"},\"inLanguage\":\"fr-FR\",\"potentialAction\":[{\"@type\":\"ReadAction\",\"target\":[\"https:\\\/\\\/sophieott.it\\\/fr\\\/contacts\\\/\"]}]},{\"@type\":\"BreadcrumbList\",\"@id\":\"https:\\\/\\\/sophieott.it\\\/fr\\\/contacts\\\/#breadcrumb\",\"itemListElement\":[{\"@type\":\"ListItem\",\"position\":1,\"name\":\"Home\",\"item\":\"https:\\\/\\\/sophieott.it\\\/fr\\\/\"},{\"@type\":\"ListItem\",\"position\":2,\"name\":\"Contacts\"}]},{\"@type\":\"WebSite\",\"@id\":\"https:\\\/\\\/sophieott.it\\\/#website\",\"url\":\"https:\\\/\\\/sophieott.it\\\/\",\"name\":\"Sophie Ott\",\"description\":\"Bioconsapevolezza\",\"publisher\":{\"@id\":\"https:\\\/\\\/sophieott.it\\\/#\\\/schema\\\/person\\\/5a99d5f1d5c80f06ac746af8579672e2\"},\"potentialAction\":[{\"@type\":\"SearchAction\",\"target\":{\"@type\":\"EntryPoint\",\"urlTemplate\":\"https:\\\/\\\/sophieott.it\\\/?s={search_term_string}\"},\"query-input\":{\"@type\":\"PropertyValueSpecification\",\"valueRequired\":true,\"valueName\":\"search_term_string\"}}],\"inLanguage\":\"fr-FR\"},{\"@type\":[\"Person\",\"Organization\"],\"@id\":\"https:\\\/\\\/sophieott.it\\\/#\\\/schema\\\/person\\\/5a99d5f1d5c80f06ac746af8579672e2\",\"name\":\"Sophie\",\"image\":{\"@type\":\"ImageObject\",\"inLanguage\":\"fr-FR\",\"@id\":\"https:\\\/\\\/secure.gravatar.com\\\/avatar\\\/c590a6c1ce16f9da3a7af0bb4f50335d39831e731c5a8afa5006cb8e60dd17a7?s=96&d=mm&r=g\",\"url\":\"https:\\\/\\\/secure.gravatar.com\\\/avatar\\\/c590a6c1ce16f9da3a7af0bb4f50335d39831e731c5a8afa5006cb8e60dd17a7?s=96&d=mm&r=g\",\"contentUrl\":\"https:\\\/\\\/secure.gravatar.com\\\/avatar\\\/c590a6c1ce16f9da3a7af0bb4f50335d39831e731c5a8afa5006cb8e60dd17a7?s=96&d=mm&r=g\",\"caption\":\"Sophie\"},\"logo\":{\"@id\":\"https:\\\/\\\/secure.gravatar.com\\\/avatar\\\/c590a6c1ce16f9da3a7af0bb4f50335d39831e731c5a8afa5006cb8e60dd17a7?s=96&d=mm&r=g\"}}]}<\/script>\n<!-- \/ Yoast SEO plugin. -->","yoast_head_json":{"title":"Contacts - Sophie Ott","robots":{"index":"index","follow":"follow","max-snippet":"max-snippet:-1","max-image-preview":"max-image-preview:large","max-video-preview":"max-video-preview:-1"},"canonical":"https:\/\/sophieott.it\/fr\/contacts\/","og_locale":"fr_FR","og_type":"article","og_title":"Contacts - Sophie Ott","og_description":"ContactsPour aller plus loin ensemble Si vous avez besoin de plus d'informations, contactez-moi. Chaque mois, j'envoie une newsletter aux abonn\u00e9s, dans laquelle je partage des r\u00e9flexions et une mise \u00e0 jour de mes activit\u00e9s. Si vous souhaitez la recevoir, laissez vos coordonn\u00e9es. La newsletter est publi\u00e9e en italien mais vous pourrez facilement traduire son contenu [&hellip;]","og_url":"https:\/\/sophieott.it\/fr\/contacts\/","og_site_name":"Sophie Ott","article_modified_time":"2020-06-11T12:57:21+00:00","og_image":[{"width":1705,"height":1400,"url":"https:\/\/sophieott.it\/wp-content\/uploads\/2019\/11\/zoom-SOPHIE_11-1.jpg","type":"image\/jpeg"}],"twitter_card":"summary_large_image","twitter_misc":{"Dur\u00e9e de lecture estim\u00e9e":"2 minutes"},"schema":{"@context":"https:\/\/schema.org","@graph":[{"@type":"WebPage","@id":"https:\/\/sophieott.it\/fr\/contacts\/","url":"https:\/\/sophieott.it\/fr\/contacts\/","name":"Contacts - Sophie Ott","isPartOf":{"@id":"https:\/\/sophieott.it\/#website"},"datePublished":"2020-05-11T07:33:54+00:00","dateModified":"2020-06-11T12:57:21+00:00","breadcrumb":{"@id":"https:\/\/sophieott.it\/fr\/contacts\/#breadcrumb"},"inLanguage":"fr-FR","potentialAction":[{"@type":"ReadAction","target":["https:\/\/sophieott.it\/fr\/contacts\/"]}]},{"@type":"BreadcrumbList","@id":"https:\/\/sophieott.it\/fr\/contacts\/#breadcrumb","itemListElement":[{"@type":"ListItem","position":1,"name":"Home","item":"https:\/\/sophieott.it\/fr\/"},{"@type":"ListItem","position":2,"name":"Contacts"}]},{"@type":"WebSite","@id":"https:\/\/sophieott.it\/#website","url":"https:\/\/sophieott.it\/","name":"Sophie Ott","description":"Bioconsapevolezza","publisher":{"@id":"https:\/\/sophieott.it\/#\/schema\/person\/5a99d5f1d5c80f06ac746af8579672e2"},"potentialAction":[{"@type":"SearchAction","target":{"@type":"EntryPoint","urlTemplate":"https:\/\/sophieott.it\/?s={search_term_string}"},"query-input":{"@type":"PropertyValueSpecification","valueRequired":true,"valueName":"search_term_string"}}],"inLanguage":"fr-FR"},{"@type":["Person","Organization"],"@id":"https:\/\/sophieott.it\/#\/schema\/person\/5a99d5f1d5c80f06ac746af8579672e2","name":"Sophie","image":{"@type":"ImageObject","inLanguage":"fr-FR","@id":"https:\/\/secure.gravatar.com\/avatar\/c590a6c1ce16f9da3a7af0bb4f50335d39831e731c5a8afa5006cb8e60dd17a7?s=96&d=mm&r=g","url":"https:\/\/secure.gravatar.com\/avatar\/c590a6c1ce16f9da3a7af0bb4f50335d39831e731c5a8afa5006cb8e60dd17a7?s=96&d=mm&r=g","contentUrl":"https:\/\/secure.gravatar.com\/avatar\/c590a6c1ce16f9da3a7af0bb4f50335d39831e731c5a8afa5006cb8e60dd17a7?s=96&d=mm&r=g","caption":"Sophie"},"logo":{"@id":"https:\/\/secure.gravatar.com\/avatar\/c590a6c1ce16f9da3a7af0bb4f50335d39831e731c5a8afa5006cb8e60dd17a7?s=96&d=mm&r=g"}}]}},"_links":{"self":[{"href":"https:\/\/sophieott.it\/fr\/wp-json\/wp\/v2\/pages\/4942","targetHints":{"allow":["GET"]}}],"collection":[{"href":"https:\/\/sophieott.it\/fr\/wp-json\/wp\/v2\/pages"}],"about":[{"href":"https:\/\/sophieott.it\/fr\/wp-json\/wp\/v2\/types\/page"}],"author":[{"embeddable":true,"href":"https:\/\/sophieott.it\/fr\/wp-json\/wp\/v2\/users\/3"}],"replies":[{"embeddable":true,"href":"https:\/\/sophieott.it\/fr\/wp-json\/wp\/v2\/comments?post=4942"}],"version-history":[{"count":9,"href":"https:\/\/sophieott.it\/fr\/wp-json\/wp\/v2\/pages\/4942\/revisions"}],"predecessor-version":[{"id":5373,"href":"https:\/\/sophieott.it\/fr\/wp-json\/wp\/v2\/pages\/4942\/revisions\/5373"}],"wp:attachment":[{"href":"https:\/\/sophieott.it\/fr\/wp-json\/wp\/v2\/media?parent=4942"}],"curies":[{"name":"wp","href":"https:\/\/api.w.org\/{rel}","templated":true}]}}